{"id":9693,"date":"2023-09-22T12:18:00","date_gmt":"2023-09-22T11:18:00","guid":{"rendered":"https:\/\/www.wisimmo.lu\/?page_id=9693"},"modified":"2025-05-21T21:20:32","modified_gmt":"2025-05-21T20:20:32","slug":"mentions-legales","status":"publish","type":"page","link":"https:\/\/www.wis-immo.com\/fr\/mentions-legales\/","title":{"rendered":"Mentions l\u00e9gales"},"content":{"rendered":"\t\t<div data-elementor-type=\"wp-page\" data-elementor-id=\"9693\" class=\"elementor elementor-9693\" data-elementor-post-type=\"page\">\n\t\t\t\t<div class=\"elementor-element elementor-element-4ef6fe3d e-flex e-con-boxed e-con e-parent\" data-id=\"4ef6fe3d\" data-element_type=\"container\" data-settings=\"{&quot;jet_parallax_layout_list&quot;:[]}\">\n\t\t\t\t\t<div class=\"e-con-inner\">\n\t\t\t\t<div class=\"elementor-element elementor-element-d4c3b25 elementor-widget elementor-widget-text-editor\" data-id=\"d4c3b25\" data-element_type=\"widget\" data-widget_type=\"text-editor.default\">\n\t\t\t\t<div class=\"elementor-widget-container\">\n\t\t\t\t\t\t\t<p>Le site wis-immo.com appartient \u00e0 Wealth and Investment Solutions SAS, entreprise domicili\u00e9e au 66 avenue des Champs-\u00c9lys\u00e9es, 75008 Paris.<br \/>Les pr\u00e9sentes mentions incluent les conditions d\u2019utilisation et le cadre de protection des donn\u00e9es ayant pour objet d\u2019encadrer l\u2019utilisation du Site par les Utilisateurs et de les informer de leurs droits et obligations.<\/p><p>Nom ou Raison sociale : <strong>Wealth and Investment Solutions (WIS PATRIMOINE)<\/strong><b> SAS<\/b><br \/>Capital : 5\u2019000\u20ac<br \/>SIREN 928 623 404,<\/p><p>Autorisations :<br \/>&#8211; Transactions immobili\u00e8res (Carte T) : CPI N\u00b0 75012024000000376<br \/>&#8211; Interm\u00e9diaire en Op\u00e9rations Bancaires et Services de Paiement (ORIAS N\u00b020251431)<br \/>&#8211; Interm\u00e9diaire en Assurances (ORIAS N\u00b020251431)<br \/>&#8211; Conseil en Investissement financier (ORIAS N\u00b020251431)<br \/>&#8211; Conseil en Gestion de Patrimoine<br \/>&#8211; Membre de l&rsquo;ANACOFI<\/p><p>Adresse : 66 avenue des Champs-\u00c9lys\u00e9es, 75008 Paris<br \/>E-Mail : contact@wis-immo.com<br \/>T\u00e9l\u00e9phone : +33 973 410 530<\/p><p>Responsable de la publication : Eric PLASSE<br \/>E-Mail : ep@wis-immo.com<br \/>T\u00e9l\u00e9phone : +33 973 410 530<\/p><p>Le Site est \u00e9dit\u00e9 et d\u00e9velopp\u00e9 par Domino Communication<br \/>Design et d\u00e9veloppements :<br \/>Domino Communication<br \/>2 Gilsduerferstrooss<br \/>L-9366 Ermsdorf, Luxembourg.<br \/>www.dominocom.com<\/p><p>H\u00e9bergement :<br \/>OVH<br \/>SAS au capital de 10 069 020 \u20ac<br \/>RCS Lille M\u00e9tropole 424 761 419 00045<br \/>Code APE 2620Z<br \/>N\u00b0 TVA : FR 22 424 761 419<br \/>Si\u00e8ge social : 2 rue Kellermann \u2013 59100 Roubaix \u2013 France<\/p><h2>Conditions d\u2019utilisation du Site<\/h2><p>Le Site wwww.wisimmo.lu est un emplacement digital d\u00e9di\u00e9, notamment, \u00e0 la promotion des services propos\u00e9s par WIS IMMO S\u00e0rl.<br \/>Tout utilisateur naviguant sur le Site est pr\u00e9sum\u00e9 avoir accept\u00e9 les conditions d\u2019utilisation ci-dessous et se doit de les respecter.<br \/>Les pr\u00e9sentes conditions d\u2019utilisation ne s\u2019appliquent pas \u00e0 des modules int\u00e9gr\u00e9s sur le site permettant la communication avec des autres sites et plateformes tiers qui ont fix\u00e9 leurs propres conditions d\u2019utilisation.<br \/>Merci de bien vouloir prendre connaissance des conditions d\u2019utilisation de ces modules aupr\u00e8s de leurs \u00e9diteurs respectifs.<br \/>Les pr\u00e9sentes conditions peuvent \u00eatre modifi\u00e9es \u00e0 tout moment. Toute modification sera publi\u00e9e sur le Site et tout utilisateur acc\u00e9dant au Site apr\u00e8s leur publication sera pr\u00e9sum\u00e9 avoir accept\u00e9 les modifications.<br \/>Les pr\u00e9sentes conditions d\u2019utilisation sont soumises \u00e0 la loi luxembourgeoise.<\/p><h2>Copyright<\/h2><p>Le contenu complet se trouvant sur le site wwww.wisimmo.lu, incluant tout logo, marque, photo, vid\u00e9o, textes, dessins, graphiques et pr\u00e9sentations appartient \u00e0 WIS IMMO S\u00e0rl.<br \/>Toute reproduction, diffusion, copie, adaptation, citation de tout ou partie de ce site, sur quelque support que ce soit et pour quelque utilisation que ce soit, est formellement interdite sauf autorisation pr\u00e9alable de WIS IMMO S\u00e0rl.<br \/>Cr\u00e9dits photos :<br \/>Shutterstock,<br \/>WIS IMMO S\u00e0rl,<br \/>Domino Communication,<\/p><h2>Liens externes<\/h2><p>Tous liens provenant d\u2019un site externe et guidant sur le Site sont soumis avant publication \u00e0 autorisation pr\u00e9alable de WIS IMMO S\u00e0rl qui se r\u00e9serve le droit de poursuivre tout contrevenant.<br \/>WIS IMMO S\u00e0rl d\u00e9cline toute responsabilit\u00e9 concernant des liens pr\u00e9sents sur des sites externes qui renvoient vers le site wwww.wisimmo.lu et ne pourra en aucun cas \u00eatre tenu responsable du contenu pr\u00e9sent au sein de ce site tiers par la simple existence de ces liens.<br \/>Le Site wwww.wisimmo.lu peut contenir des liens redirigeant vers des sites partenaires et\/ou des sites tiers. WIS IMMO S\u00e0rl n\u2019a pas de contr\u00f4le sur ces sites tiers et ne peut en aucun cas surveiller le contenu de ces sites ou les conditions d\u2019utilisation, notamment en mati\u00e8re de protection de donn\u00e9es. WIS IMMO S\u00e0rl ne pourra en aucun cas \u00eatre tenue responsable pour tout dommage subi sur un site vers lequel un de ses internautes aurait \u00e9t\u00e9 redirig\u00e9.<br \/>Le fait de cliquer sur un lien externe dirigera automatiquement l\u2019utilisateur du Site vers ces sites qui sont soumis \u00e0 des conditions d\u2019utilisations qui leur sont propres, et non aux pr\u00e9sentes. L\u2019acc\u00e8s \u00e0 ces sites ext\u00e9rieurs s\u2019effectue aux propres risques de l\u2019utilisateur. WIS IMMO S\u00e0rl ne pourra \u00eatre tenue responsable pour tout contenu pr\u00e9sent.<\/p><h2>Responsabilit\u00e9<\/h2><p>WIS IMMO S\u00e0rl effectue des mises \u00e0 jour r\u00e9guli\u00e8res concernant le contenu et les dispositifs en place sur le Site afin de permettre \u00e0 l\u2019utilisateur un acc\u00e8s et et une utilisation dans les meilleures conditions.<br \/>N\u00e9anmoins, WIS IMMO S\u00e0rl ne peut garantir en temps r\u00e9el l\u2019actualit\u00e9 et l\u2019int\u00e9gralit\u00e9 des contenus publi\u00e9s sur le Site.<br \/>L\u2019utilisateur a dans ce cadre pleinement conscience que les contenus pr\u00e9sents sur le Site sont donn\u00e9s \u00e0 titre indicatif.<br \/>WIS IMMO S\u00e0rl se r\u00e9serve le droit de faire des modifications sur le Site \u00e0 tout moment, et ne peut donc garantir l\u2019utilisateur de l\u2019accessibilit\u00e9 de l\u2019ensemble du Site sans interruption, en temps utile, en toute s\u00e9curit\u00e9 et sans erreur en permanence.<br \/>WIS IMMO S\u00e0rl ne peut \u00eatre tenue responsable de tout dommage caus\u00e9 \u00e0 un utilisateur par les actions d\u2019un tiers, qui par un moyen technique d\u00e9loyal a utilis\u00e9 les informations diffus\u00e9es sur le Site. Nous assurons toutefois mettre en pratique les moyens \u00e0 notre disposition pour lutter contre toute action de ce type, tout en \u00e9tant limit\u00e9e par les contraintes inh\u00e9rentes \u00e0 Internet.<br \/>Le Site a \u00e9t\u00e9 d\u00e9velopp\u00e9 par Domino Communication et est mis \u00e0 jour de mani\u00e8re \u00e0 assurer son accessibilit\u00e9. Toutefois Domino Communication ne garantit en aucun cas une accessibilit\u00e9 totale du Site ni l\u2019absence d\u2019erreurs et bugs notamment. Chaque internaute rencontrant une difficult\u00e9 dans sa navigation est invit\u00e9 \u00e0 en informer Domino Communication sans que Domino Communication soit tenu de r\u00e9soudre la difficult\u00e9.<br \/>WIS IMMO S\u00e0rl \u00e0 le droit de poursuivre toute personne ayant par quelque moyen que ce soit essay\u00e9 de s\u2019attaquer au site wwww.wisimmo.lu, soit \u00e0 sa structure technique ou \u00e0 son contenu publi\u00e9.<\/p>\t\t\t\t\t\t<\/div>\n\t\t\t\t<\/div>\n\t\t\t\t\t<\/div>\n\t\t\t\t<\/div>\n\t\t\t\t<\/div>\n\t\t","protected":false},"excerpt":{"rendered":"<p>Le site wis-immo.com appartient \u00e0 Wealth and Investment Solutions SAS, entreprise domicili\u00e9e au 66 avenue des Champs-\u00c9lys\u00e9es, 75008 Paris.Les pr\u00e9sentes mentions incluent les conditions d\u2019utilisation et le cadre de protection des donn\u00e9es ayant pour objet d\u2019encadrer l\u2019utilisation du Site par les Utilisateurs et de les informer de leurs droits et obligations. Nom ou Raison sociale [&hellip;]<\/p>\n","protected":false},"author":1,"featured_media":0,"parent":0,"menu_order":0,"comment_status":"closed","ping_status":"closed","template":"","meta":{"site-sidebar-layout":"default","site-content-layout":"default","ast-site-content-layout":"default","site-content-style":"default","site-sidebar-style":"default","ast-global-header-display":"","ast-banner-title-visibility":"","ast-main-header-display":"","ast-hfb-above-header-display":"","ast-hfb-below-header-display":"","ast-hfb-mobile-header-display":"","site-post-title":"","ast-breadcrumbs-content":"","ast-featured-img":"","footer-sml-layout":"","ast-disable-related-posts":"","theme-transparent-header-meta":"default","adv-header-id-meta":"","stick-header-meta":"","header-above-stick-meta":"","header-main-stick-meta":"","header-below-stick-meta":"","astra-migrate-meta-layouts":"default","ast-page-background-enabled":"default","ast-page-background-meta":{"desktop":{"background-color":"","background-image":"","background-repeat":"repeat","background-position":"center center","background-size":"auto","background-attachment":"scroll","background-type":"","background-media":"","overlay-type":"","overlay-color":"","overlay-opacity":"","overlay-gradient":""},"tablet":{"background-color":"","background-image":"","background-repeat":"repeat","background-position":"center center","background-size":"auto","background-attachment":"scroll","background-type":"","background-media":"","overlay-type":"","overlay-color":"","overlay-opacity":"","overlay-gradient":""},"mobile":{"background-color":"","background-image":"","background-repeat":"repeat","background-position":"center center","background-size":"auto","background-attachment":"scroll","background-type":"","background-media":"","overlay-type":"","overlay-color":"","overlay-opacity":"","overlay-gradient":""}},"ast-content-background-meta":{"desktop":{"background-color":"var(--ast-global-color-5)","background-image":"","background-repeat":"repeat","background-position":"center center","background-size":"auto","background-attachment":"scroll","background-type":"","background-media":"","overlay-type":"","overlay-color":"","overlay-opacity":"","overlay-gradient":""},"tablet":{"background-color":"var(--ast-global-color-5)","background-image":"","background-repeat":"repeat","background-position":"center center","background-size":"auto","background-attachment":"scroll","background-type":"","background-media":"","overlay-type":"","overlay-color":"","overlay-opacity":"","overlay-gradient":""},"mobile":{"background-color":"var(--ast-global-color-5)","background-image":"","background-repeat":"repeat","background-position":"center center","background-size":"auto","background-attachment":"scroll","background-type":"","background-media":"","overlay-type":"","overlay-color":"","overlay-opacity":"","overlay-gradient":""}},"footnotes":""},"class_list":["post-9693","page","type-page","status-publish","hentry"],"yoast_head":"<!-- This site is optimized with the Yoast SEO plugin v23.3 - https:\/\/yoast.com\/wordpress\/plugins\/seo\/ -->\n<title>Mentions l\u00e9gales | Wis Immobilier<\/title>\n<meta name=\"robots\" content=\"noindex, follow, max-snippet:-1, max-image-preview:large, max-video-preview:-1\" \/>\n<meta property=\"og:locale\" content=\"fr_FR\" \/>\n<meta property=\"og:type\" content=\"article\" \/>\n<meta property=\"og:title\" content=\"Mentions l\u00e9gales | Wis Immobilier\" \/>\n<meta property=\"og:description\" content=\"Le site wis-immo.com appartient \u00e0 Wealth and Investment Solutions SAS, entreprise domicili\u00e9e au 66 avenue des Champs-\u00c9lys\u00e9es, 75008 Paris.Les pr\u00e9sentes mentions incluent les conditions d\u2019utilisation et le cadre de protection des donn\u00e9es ayant pour objet d\u2019encadrer l\u2019utilisation du Site par les Utilisateurs et de les informer de leurs droits et obligations. Nom ou Raison sociale [&hellip;]\" \/>\n<meta property=\"og:url\" content=\"https:\/\/www.wis-immo.com\/fr\/mentions-legales\/\" \/>\n<meta property=\"og:site_name\" content=\"Wis Immobilier\" \/>\n<meta property=\"article:modified_time\" content=\"2025-05-21T20:20:32+00:00\" \/>\n<meta name=\"twitter:card\" content=\"summary_large_image\" \/>\n<meta name=\"twitter:label1\" content=\"Dur\u00e9e de lecture estim\u00e9e\" \/>\n\t<meta name=\"twitter:data1\" content=\"5 minutes\" \/>\n<script type=\"application\/ld+json\" class=\"yoast-schema-graph\">{\"@context\":\"https:\/\/schema.org\",\"@graph\":[{\"@type\":\"WebPage\",\"@id\":\"https:\/\/www.wis-immo.com\/fr\/mentions-legales\/\",\"url\":\"https:\/\/www.wis-immo.com\/fr\/mentions-legales\/\",\"name\":\"Mentions l\u00e9gales | Wis Immobilier\",\"isPartOf\":{\"@id\":\"https:\/\/www.wis-immo.com\/fr\/#website\"},\"datePublished\":\"2023-09-22T11:18:00+00:00\",\"dateModified\":\"2025-05-21T20:20:32+00:00\",\"breadcrumb\":{\"@id\":\"https:\/\/www.wis-immo.com\/fr\/mentions-legales\/#breadcrumb\"},\"inLanguage\":\"fr-FR\",\"potentialAction\":[{\"@type\":\"ReadAction\",\"target\":[\"https:\/\/www.wis-immo.com\/fr\/mentions-legales\/\"]}]},{\"@type\":\"BreadcrumbList\",\"@id\":\"https:\/\/www.wis-immo.com\/fr\/mentions-legales\/#breadcrumb\",\"itemListElement\":[{\"@type\":\"ListItem\",\"position\":1,\"name\":\"Home\",\"item\":\"https:\/\/www.wis-immo.com\/fr\/\"},{\"@type\":\"ListItem\",\"position\":2,\"name\":\"Mentions l\u00e9gales\"}]},{\"@type\":\"WebSite\",\"@id\":\"https:\/\/www.wis-immo.com\/fr\/#website\",\"url\":\"https:\/\/www.wis-immo.com\/fr\/\",\"name\":\"Wis Immobilier\",\"description\":\"\",\"publisher\":{\"@id\":\"https:\/\/www.wis-immo.com\/fr\/#organization\"},\"potentialAction\":[{\"@type\":\"SearchAction\",\"target\":{\"@type\":\"EntryPoint\",\"urlTemplate\":\"https:\/\/www.wis-immo.com\/fr\/?s={search_term_string}\"},\"query-input\":\"required name=search_term_string\"}],\"inLanguage\":\"fr-FR\"},{\"@type\":\"Organization\",\"@id\":\"https:\/\/www.wis-immo.com\/fr\/#organization\",\"name\":\"Wis Immobilier\",\"url\":\"https:\/\/www.wis-immo.com\/fr\/\",\"logo\":{\"@type\":\"ImageObject\",\"inLanguage\":\"fr-FR\",\"@id\":\"https:\/\/www.wis-immo.com\/fr\/#\/schema\/logo\/image\/\",\"url\":\"https:\/\/www.wis-immo.com\/wp-content\/uploads\/2023\/09\/cropped-cropped-logo-wis-or-fond-noir-1.jpg\",\"contentUrl\":\"https:\/\/www.wis-immo.com\/wp-content\/uploads\/2023\/09\/cropped-cropped-logo-wis-or-fond-noir-1.jpg\",\"width\":500,\"height\":500,\"caption\":\"Wis Immobilier\"},\"image\":{\"@id\":\"https:\/\/www.wis-immo.com\/fr\/#\/schema\/logo\/image\/\"}}]}<\/script>\n<!-- \/ Yoast SEO plugin. -->","yoast_head_json":{"title":"Mentions l\u00e9gales | Wis Immobilier","robots":{"index":"noindex","follow":"follow","max-snippet":"max-snippet:-1","max-image-preview":"max-image-preview:large","max-video-preview":"max-video-preview:-1"},"og_locale":"fr_FR","og_type":"article","og_title":"Mentions l\u00e9gales | Wis Immobilier","og_description":"Le site wis-immo.com appartient \u00e0 Wealth and Investment Solutions SAS, entreprise domicili\u00e9e au 66 avenue des Champs-\u00c9lys\u00e9es, 75008 Paris.Les pr\u00e9sentes mentions incluent les conditions d\u2019utilisation et le cadre de protection des donn\u00e9es ayant pour objet d\u2019encadrer l\u2019utilisation du Site par les Utilisateurs et de les informer de leurs droits et obligations. Nom ou Raison sociale [&hellip;]","og_url":"https:\/\/www.wis-immo.com\/fr\/mentions-legales\/","og_site_name":"Wis Immobilier","article_modified_time":"2025-05-21T20:20:32+00:00","twitter_card":"summary_large_image","twitter_misc":{"Dur\u00e9e de lecture estim\u00e9e":"5 minutes"},"schema":{"@context":"https:\/\/schema.org","@graph":[{"@type":"WebPage","@id":"https:\/\/www.wis-immo.com\/fr\/mentions-legales\/","url":"https:\/\/www.wis-immo.com\/fr\/mentions-legales\/","name":"Mentions l\u00e9gales | Wis Immobilier","isPartOf":{"@id":"https:\/\/www.wis-immo.com\/fr\/#website"},"datePublished":"2023-09-22T11:18:00+00:00","dateModified":"2025-05-21T20:20:32+00:00","breadcrumb":{"@id":"https:\/\/www.wis-immo.com\/fr\/mentions-legales\/#breadcrumb"},"inLanguage":"fr-FR","potentialAction":[{"@type":"ReadAction","target":["https:\/\/www.wis-immo.com\/fr\/mentions-legales\/"]}]},{"@type":"BreadcrumbList","@id":"https:\/\/www.wis-immo.com\/fr\/mentions-legales\/#breadcrumb","itemListElement":[{"@type":"ListItem","position":1,"name":"Home","item":"https:\/\/www.wis-immo.com\/fr\/"},{"@type":"ListItem","position":2,"name":"Mentions l\u00e9gales"}]},{"@type":"WebSite","@id":"https:\/\/www.wis-immo.com\/fr\/#website","url":"https:\/\/www.wis-immo.com\/fr\/","name":"Wis Immobilier","description":"","publisher":{"@id":"https:\/\/www.wis-immo.com\/fr\/#organization"},"potentialAction":[{"@type":"SearchAction","target":{"@type":"EntryPoint","urlTemplate":"https:\/\/www.wis-immo.com\/fr\/?s={search_term_string}"},"query-input":"required name=search_term_string"}],"inLanguage":"fr-FR"},{"@type":"Organization","@id":"https:\/\/www.wis-immo.com\/fr\/#organization","name":"Wis Immobilier","url":"https:\/\/www.wis-immo.com\/fr\/","logo":{"@type":"ImageObject","inLanguage":"fr-FR","@id":"https:\/\/www.wis-immo.com\/fr\/#\/schema\/logo\/image\/","url":"https:\/\/www.wis-immo.com\/wp-content\/uploads\/2023\/09\/cropped-cropped-logo-wis-or-fond-noir-1.jpg","contentUrl":"https:\/\/www.wis-immo.com\/wp-content\/uploads\/2023\/09\/cropped-cropped-logo-wis-or-fond-noir-1.jpg","width":500,"height":500,"caption":"Wis Immobilier"},"image":{"@id":"https:\/\/www.wis-immo.com\/fr\/#\/schema\/logo\/image\/"}}]}},"_links":{"self":[{"href":"https:\/\/www.wis-immo.com\/fr\/wp-json\/wp\/v2\/pages\/9693"}],"collection":[{"href":"https:\/\/www.wis-immo.com\/fr\/wp-json\/wp\/v2\/pages"}],"about":[{"href":"https:\/\/www.wis-immo.com\/fr\/wp-json\/wp\/v2\/types\/page"}],"author":[{"embeddable":true,"href":"https:\/\/www.wis-immo.com\/fr\/wp-json\/wp\/v2\/users\/1"}],"replies":[{"embeddable":true,"href":"https:\/\/www.wis-immo.com\/fr\/wp-json\/wp\/v2\/comments?post=9693"}],"version-history":[{"count":6,"href":"https:\/\/www.wis-immo.com\/fr\/wp-json\/wp\/v2\/pages\/9693\/revisions"}],"predecessor-version":[{"id":11701,"href":"https:\/\/www.wis-immo.com\/fr\/wp-json\/wp\/v2\/pages\/9693\/revisions\/11701"}],"wp:attachment":[{"href":"https:\/\/www.wis-immo.com\/fr\/wp-json\/wp\/v2\/media?parent=9693"}],"curies":[{"name":"wp","href":"https:\/\/api.w.org\/{rel}","templated":true}]}}