{"id":9697,"date":"2023-09-22T12:20:14","date_gmt":"2023-09-22T11:20:14","guid":{"rendered":"https:\/\/www.wisimmo.lu\/?page_id=9697"},"modified":"2023-09-22T12:25:38","modified_gmt":"2023-09-22T11:25:38","slug":"politique-de-confidentialite","status":"publish","type":"page","link":"https:\/\/www.wis-immo.com\/fr\/politique-de-confidentialite\/","title":{"rendered":"Politique de confidentialit\u00e9"},"content":{"rendered":"<h2>G\u00e9n\u00e9ral<\/h2>\n<p>La r\u00e9glementation en mati\u00e8re de protection des donn\u00e9es est une priorit\u00e9 pour WIS IMMO S\u00e0rl. C\u2019est pour cette raison, que nous souhaitons faire en sorte que toutes les informations en relation avec le traitement de vos donn\u00e9es personnelles sur le Site www.wisimmo.lu soient claires et compr\u00e9hensives pour l&rsquo;utilisateur.<br \/>\nCette r\u00e9glementation sur la protection de donn\u00e9es a comme objectif de vous informer sur l\u2019usage des donn\u00e9es personnelles collect\u00e9es via ce site internet, ainsi que sur vos droits et de la fa\u00e7on dont vous pouvez les exercer. Le traitement des donn\u00e9es est crucial pour exercer notre m\u00e9tier et pour servir en toute confiance notre client\u00e8le \u00e0 long terme, il est donc essentiel pour WIS IMMO S\u00e0rl qu\u2019il soit r\u00e9alis\u00e9 en toute s\u00e9curit\u00e9, en respectant la confidentialit\u00e9 et en toute conformit\u00e9 avec votre volont\u00e9.<br \/>\nAvant de confirmer la transmission de vos donn\u00e9es personnelles via nos rubriques de contact, vous vous engagez \u00e0 lire et accepter notre politique de confidentialit\u00e9. Cette acceptation permet \u00e0 WIS IMMO S\u00e0rl de traiter votre demande gr\u00e2ce aux donn\u00e9es transmises \u00e0 cet effet pour une dur\u00e9e se limitant \u00e0 l\u2019objet de votre demande (demande d\u2019informations, devis, etc<\/p>\n<h2>Engagements<\/h2>\n<p>WIS IMMO S\u00e0rl s\u2019engage \u00e0 respecter la l\u00e9gislation luxembourgeoise, notamment la loi du 2 ao\u00fbt 2002 relative \u00e0 la protection des personnes \u00e0 l\u2019\u00e9gard du traitement des donn\u00e9es \u00e0 caract\u00e8re personnel.<br \/>\nWIS IMMO S\u00e0rl s\u2019engage \u00e0 respecter le R\u00e8glement (UE) 2016\/679 du Parlement europ\u00e9en et du Conseil du 27 avril 2016, d\u00e8s son entr\u00e9e en vigueur le 25 mai 2018.<br \/>\nWIS IMMO S\u00e0rl s&rsquo;engage \u00e0 n\u2019utiliser les donn\u00e9es personnelles re\u00e7ues qu\u2019en conformit\u00e9 avec l\u2019objet propre d\u00e9fini lors de la transmission.<br \/>\nWIS IMMO S\u00e0rl est \u00e0 votre \u00e9coute en cas de question relative \u00e0 cette r\u00e9glementation des protections des donn\u00e9es via : eric.plasse@wisimmo.lu<\/p>\n<h2>Vos donn\u00e9es<\/h2>\n<p>WIS IMMO S\u00e0rl est responsable pour la collecte des donn\u00e9es personnelles de ses utilisateurs via son Site internet,<br \/>\nLe site www.wisimmo.lu appartient \u00e0 WIS IMMO S\u00e0rl domicili\u00e9 au 2-4 rue du Nord, L-2229 Luxembourg et inscrite au RCS sous le num\u00e9ro RCS B.277056,<br \/>\nLes donn\u00e9es collect\u00e9es sont : nom, pr\u00e9nom, adresse \u00e9lectrique, num\u00e9ro de t\u00e9l\u00e9phone<br \/>\nCollecte<br \/>\nVos donn\u00e9es sont collect\u00e9es par le biais de formulaire(s) de contact, et d\u2019inscription \u00e0 notre newsletter. Les donn\u00e9es sont stock\u00e9es pour une p\u00e9riode maximum de 1 an apr\u00e8s toute absence d\u2019interactivit\u00e9.<\/p>\n<h2>Raison de traitement des donn\u00e9es<\/h2>\n<p>Les donn\u00e9es personnelles envoy\u00e9 de la part de l\u2019utilisateur sont destin\u00e9es \u00e0 traiter votre demande (demande de contact, demande de renseignement, demande de RDV, inscription \u00e0 notre newsletter).<br \/>\nLorsque vous acceptez de transmettre vos donn\u00e9es personnelles \u00e0 WIS IMMO S\u00e0rl, vous acceptez \u00e9galement que WIS IMMO S\u00e0rl puisse utiliser ces donn\u00e9es dans la limite des finalit\u00e9s d\u00e9taill\u00e9es dans cette r\u00e9glementation.<\/p>\n<h2>Responsable du traitement des donn\u00e9es personnelles<\/h2>\n<p>Le responsable du traitement des donn\u00e9es personnelles est Eric PLASSE. Vous pouvez joindre le responsable du traitement par mail : eric.plasse@wisimmo.lu<br \/>\nLe responsable du traitement s\u2019engage \u00e0 prot\u00e9ger les donn\u00e9es et ne pas les transmettre \u00e0 des tiers sans que vous en ayez \u00e9t\u00e9 inform\u00e9.<\/p>\n<h2>Prestataires<\/h2>\n<p>WIS IMMO S\u00e0rl est amen\u00e9 \u00e0 communiquer vos donn\u00e9es aux prestataires suivants :<br \/>\n&#8211; Domino Communication : webmaster \/ \u00e9diteur de nos newsletter<\/p>\n<p>Ces prestataires assurent la diffusion de nos newsletters.<br \/>\nCes donn\u00e9es ne sont pas r\u00e9utilis\u00e9es \u00e0 des fins commerciales.<\/p>\n<h2>Droit d\u2019opposition, d\u2019acc\u00e8s, de rectification et de suppression<\/h2>\n<p>Vous pouvez prendre connaissance, mettre \u00e0 jour, modifier ou demander la suppression des renseignements vous concernant en contactant le Responsable du traitement.<br \/>\nPar ailleurs, vous avez la possibilit\u00e9 de vous d\u00e9sinscrire \u00e0 tout moment de nos listes de diffusion via le lien situ\u00e9 en bas de nos newsletters.<\/p>\n<h2>Cookies<\/h2>\n<p>Le Site www.wisimmo.lu utilise des \u201ccookies\u201d pour collecter et enregistrer certaines informations des utilisateurs.<br \/>\nCes fichiers nous permettent de traiter des statistiques et des informations sur le trafic, de faciliter la navigation et d\u2019am\u00e9liorer le service pour votre confort.<br \/>\nLes cookies nous permettent, par exemple, de personnaliser les pages d\u2019accueil en sauvegardant les pr\u00e9f\u00e9rences que vous pouvez \u00e9mettre lors d\u2019une pr\u00e9c\u00e9dente visite de notre Site. Ils peuvent s\u00e9curiser votre mot de passe, identifier les rubriques du Site que vous avez visit\u00e9es ou encore suivre l\u2019\u00e9volution de vos pr\u00e9f\u00e9rences. Nos cookies peuvent \u00e9ventuellement collecter un nom de domaine et suivre votre cheminement \u00e0 travers nos pages web.<br \/>\nCes fichiers contiennent principalement les informations suivantes : adresse IP, syst\u00e8me d\u2019exploitation, requ\u00eates, pages visit\u00e9es, heures et jour de connexion, langue.<br \/>\nNous utilisons les cookies dans les buts suivants : am\u00e9lioration du service, cr\u00e9ation de profils personnalis\u00e9s de consommation, \u00e9tudes statistiques, ciblage publicitaire (Facebook, Google Adwords).<\/p>\n<p>En naviguant sur le site, des cookies de tiers peuvent \u00eatre enregistr\u00e9s. Il s\u2019agit principalement des tiers suivants : Google, Facebook.<br \/>\nLes cookies utilis\u00e9s ne peuvent pas extraire de votre disque dur des informations personnelles permettant de vous identifier autrement que sous forme de cookies, ni transmettre de virus informatique.<br \/>\nNous utilisons les cookies seulement pour recueillir les informations mentionn\u00e9es dans cette Charte et, en aucune fa\u00e7on, des informations \u00e0 caract\u00e8re personnel ou nominatives permettant de vous identifier sans votre consentement.<br \/>\nVous avez la possibilit\u00e9 d\u2019intervenir au niveau des cookies. En modifiant la configuration de votre navigateur (g\u00e9n\u00e9ralement au sein du menu \u00ab outils \u00bb, rubrique \u00ab priv\u00e9e \u00bb ou terme \u00e9quivalent), vous pouvez : accepter l\u2019ensemble des cookies, \u00eatre averti lors de l\u2019activation d\u2019un cookie, ou rejeter l\u2019ensemble des cookies. Toutefois, il est probable alors que vous rencontriez des difficult\u00e9s pour naviguer sur le Site dans les meilleures conditions.<\/p>\n","protected":false},"excerpt":{"rendered":"<p>G\u00e9n\u00e9ral La r\u00e9glementation en mati\u00e8re de protection des donn\u00e9es est une priorit\u00e9 pour WIS IMMO S\u00e0rl. C\u2019est pour cette raison, que nous souhaitons faire en sorte que toutes les informations en relation avec le traitement de vos donn\u00e9es personnelles sur le Site www.wisimmo.lu soient claires et compr\u00e9hensives pour l&rsquo;utilisateur. Cette r\u00e9glementation sur la protection de [&hellip;]<\/p>\n","protected":false},"author":1,"featured_media":0,"parent":0,"menu_order":0,"comment_status":"closed","ping_status":"closed","template":"","meta":{"site-sidebar-layout":"default","site-content-layout":"default","ast-site-content-layout":"","site-content-style":"default","site-sidebar-style":"default","ast-global-header-display":"","ast-banner-title-visibility":"","ast-main-header-display":"","ast-hfb-above-header-display":"","ast-hfb-below-header-display":"","ast-hfb-mobile-header-display":"","site-post-title":"","ast-breadcrumbs-content":"","ast-featured-img":"","footer-sml-layout":"","theme-transparent-header-meta":"default","adv-header-id-meta":"","stick-header-meta":"","header-above-stick-meta":"","header-main-stick-meta":"","header-below-stick-meta":"","astra-migrate-meta-layouts":"default","ast-page-background-enabled":"default","ast-page-background-meta":{"desktop":{"background-color":"","background-image":"","background-repeat":"repeat","background-position":"center center","background-size":"auto","background-attachment":"scroll","background-type":"","background-media":"","overlay-type":"","overlay-color":"","overlay-opacity":"","overlay-gradient":""},"tablet":{"background-color":"","background-image":"","background-repeat":"repeat","background-position":"center center","background-size":"auto","background-attachment":"scroll","background-type":"","background-media":"","overlay-type":"","overlay-color":"","overlay-opacity":"","overlay-gradient":""},"mobile":{"background-color":"","background-image":"","background-repeat":"repeat","background-position":"center center","background-size":"auto","background-attachment":"scroll","background-type":"","background-media":"","overlay-type":"","overlay-color":"","overlay-opacity":"","overlay-gradient":""}},"ast-content-background-meta":{"desktop":{"background-color":"var(--ast-global-color-5)","background-image":"","background-repeat":"repeat","background-position":"center center","background-size":"auto","background-attachment":"scroll","background-type":"","background-media":"","overlay-type":"","overlay-color":"","overlay-opacity":"","overlay-gradient":""},"tablet":{"background-color":"var(--ast-global-color-5)","background-image":"","background-repeat":"repeat","background-position":"center center","background-size":"auto","background-attachment":"scroll","background-type":"","background-media":"","overlay-type":"","overlay-color":"","overlay-opacity":"","overlay-gradient":""},"mobile":{"background-color":"var(--ast-global-color-5)","background-image":"","background-repeat":"repeat","background-position":"center center","background-size":"auto","background-attachment":"scroll","background-type":"","background-media":"","overlay-type":"","overlay-color":"","overlay-opacity":"","overlay-gradient":""}},"footnotes":""},"class_list":["post-9697","page","type-page","status-publish","hentry"],"yoast_head":"<!-- This site is optimized with the Yoast SEO plugin v23.3 - https:\/\/yoast.com\/wordpress\/plugins\/seo\/ -->\n<title>Politique de confidentialit\u00e9 - Wis Immobilier<\/title>\n<meta name=\"robots\" content=\"noindex, follow, max-snippet:-1, max-image-preview:large, max-video-preview:-1\" \/>\n<meta property=\"og:locale\" content=\"fr_FR\" \/>\n<meta property=\"og:type\" content=\"article\" \/>\n<meta property=\"og:title\" content=\"Politique de confidentialit\u00e9 - Wis Immobilier\" \/>\n<meta property=\"og:description\" content=\"G\u00e9n\u00e9ral La r\u00e9glementation en mati\u00e8re de protection des donn\u00e9es est une priorit\u00e9 pour WIS IMMO S\u00e0rl. C\u2019est pour cette raison, que nous souhaitons faire en sorte que toutes les informations en relation avec le traitement de vos donn\u00e9es personnelles sur le Site www.wisimmo.lu soient claires et compr\u00e9hensives pour l&rsquo;utilisateur. Cette r\u00e9glementation sur la protection de [&hellip;]\" \/>\n<meta property=\"og:url\" content=\"https:\/\/www.wis-immo.com\/fr\/politique-de-confidentialite\/\" \/>\n<meta property=\"og:site_name\" content=\"Wis Immobilier\" \/>\n<meta property=\"article:modified_time\" content=\"2023-09-22T11:25:38+00:00\" \/>\n<meta name=\"twitter:card\" content=\"summary_large_image\" \/>\n<meta name=\"twitter:label1\" content=\"Dur\u00e9e de lecture estim\u00e9e\" \/>\n\t<meta name=\"twitter:data1\" content=\"5 minutes\" \/>\n<script type=\"application\/ld+json\" class=\"yoast-schema-graph\">{\"@context\":\"https:\/\/schema.org\",\"@graph\":[{\"@type\":\"WebPage\",\"@id\":\"https:\/\/www.wis-immo.com\/fr\/politique-de-confidentialite\/\",\"url\":\"https:\/\/www.wis-immo.com\/fr\/politique-de-confidentialite\/\",\"name\":\"Politique de confidentialit\u00e9 - Wis Immobilier\",\"isPartOf\":{\"@id\":\"https:\/\/www.wis-immo.com\/fr\/#website\"},\"datePublished\":\"2023-09-22T11:20:14+00:00\",\"dateModified\":\"2023-09-22T11:25:38+00:00\",\"breadcrumb\":{\"@id\":\"https:\/\/www.wis-immo.com\/fr\/politique-de-confidentialite\/#breadcrumb\"},\"inLanguage\":\"fr-FR\",\"potentialAction\":[{\"@type\":\"ReadAction\",\"target\":[\"https:\/\/www.wis-immo.com\/fr\/politique-de-confidentialite\/\"]}]},{\"@type\":\"BreadcrumbList\",\"@id\":\"https:\/\/www.wis-immo.com\/fr\/politique-de-confidentialite\/#breadcrumb\",\"itemListElement\":[{\"@type\":\"ListItem\",\"position\":1,\"name\":\"Home\",\"item\":\"https:\/\/www.wis-immo.com\/fr\/\"},{\"@type\":\"ListItem\",\"position\":2,\"name\":\"Politique de confidentialit\u00e9\"}]},{\"@type\":\"WebSite\",\"@id\":\"https:\/\/www.wis-immo.com\/fr\/#website\",\"url\":\"https:\/\/www.wis-immo.com\/fr\/\",\"name\":\"Wis Immobilier\",\"description\":\"\",\"publisher\":{\"@id\":\"https:\/\/www.wis-immo.com\/fr\/#organization\"},\"potentialAction\":[{\"@type\":\"SearchAction\",\"target\":{\"@type\":\"EntryPoint\",\"urlTemplate\":\"https:\/\/www.wis-immo.com\/fr\/?s={search_term_string}\"},\"query-input\":\"required name=search_term_string\"}],\"inLanguage\":\"fr-FR\"},{\"@type\":\"Organization\",\"@id\":\"https:\/\/www.wis-immo.com\/fr\/#organization\",\"name\":\"Wis Immobilier\",\"url\":\"https:\/\/www.wis-immo.com\/fr\/\",\"logo\":{\"@type\":\"ImageObject\",\"inLanguage\":\"fr-FR\",\"@id\":\"https:\/\/www.wis-immo.com\/fr\/#\/schema\/logo\/image\/\",\"url\":\"https:\/\/www.wis-immo.com\/wp-content\/uploads\/2023\/09\/cropped-cropped-logo-wis-or-fond-noir-1.jpg\",\"contentUrl\":\"https:\/\/www.wis-immo.com\/wp-content\/uploads\/2023\/09\/cropped-cropped-logo-wis-or-fond-noir-1.jpg\",\"width\":500,\"height\":500,\"caption\":\"Wis Immobilier\"},\"image\":{\"@id\":\"https:\/\/www.wis-immo.com\/fr\/#\/schema\/logo\/image\/\"}}]}<\/script>\n<!-- \/ Yoast SEO plugin. -->","yoast_head_json":{"title":"Politique de confidentialit\u00e9 - Wis Immobilier","robots":{"index":"noindex","follow":"follow","max-snippet":"max-snippet:-1","max-image-preview":"max-image-preview:large","max-video-preview":"max-video-preview:-1"},"og_locale":"fr_FR","og_type":"article","og_title":"Politique de confidentialit\u00e9 - Wis Immobilier","og_description":"G\u00e9n\u00e9ral La r\u00e9glementation en mati\u00e8re de protection des donn\u00e9es est une priorit\u00e9 pour WIS IMMO S\u00e0rl. C\u2019est pour cette raison, que nous souhaitons faire en sorte que toutes les informations en relation avec le traitement de vos donn\u00e9es personnelles sur le Site www.wisimmo.lu soient claires et compr\u00e9hensives pour l&rsquo;utilisateur. Cette r\u00e9glementation sur la protection de [&hellip;]","og_url":"https:\/\/www.wis-immo.com\/fr\/politique-de-confidentialite\/","og_site_name":"Wis Immobilier","article_modified_time":"2023-09-22T11:25:38+00:00","twitter_card":"summary_large_image","twitter_misc":{"Dur\u00e9e de lecture estim\u00e9e":"5 minutes"},"schema":{"@context":"https:\/\/schema.org","@graph":[{"@type":"WebPage","@id":"https:\/\/www.wis-immo.com\/fr\/politique-de-confidentialite\/","url":"https:\/\/www.wis-immo.com\/fr\/politique-de-confidentialite\/","name":"Politique de confidentialit\u00e9 - Wis Immobilier","isPartOf":{"@id":"https:\/\/www.wis-immo.com\/fr\/#website"},"datePublished":"2023-09-22T11:20:14+00:00","dateModified":"2023-09-22T11:25:38+00:00","breadcrumb":{"@id":"https:\/\/www.wis-immo.com\/fr\/politique-de-confidentialite\/#breadcrumb"},"inLanguage":"fr-FR","potentialAction":[{"@type":"ReadAction","target":["https:\/\/www.wis-immo.com\/fr\/politique-de-confidentialite\/"]}]},{"@type":"BreadcrumbList","@id":"https:\/\/www.wis-immo.com\/fr\/politique-de-confidentialite\/#breadcrumb","itemListElement":[{"@type":"ListItem","position":1,"name":"Home","item":"https:\/\/www.wis-immo.com\/fr\/"},{"@type":"ListItem","position":2,"name":"Politique de confidentialit\u00e9"}]},{"@type":"WebSite","@id":"https:\/\/www.wis-immo.com\/fr\/#website","url":"https:\/\/www.wis-immo.com\/fr\/","name":"Wis Immobilier","description":"","publisher":{"@id":"https:\/\/www.wis-immo.com\/fr\/#organization"},"potentialAction":[{"@type":"SearchAction","target":{"@type":"EntryPoint","urlTemplate":"https:\/\/www.wis-immo.com\/fr\/?s={search_term_string}"},"query-input":"required name=search_term_string"}],"inLanguage":"fr-FR"},{"@type":"Organization","@id":"https:\/\/www.wis-immo.com\/fr\/#organization","name":"Wis Immobilier","url":"https:\/\/www.wis-immo.com\/fr\/","logo":{"@type":"ImageObject","inLanguage":"fr-FR","@id":"https:\/\/www.wis-immo.com\/fr\/#\/schema\/logo\/image\/","url":"https:\/\/www.wis-immo.com\/wp-content\/uploads\/2023\/09\/cropped-cropped-logo-wis-or-fond-noir-1.jpg","contentUrl":"https:\/\/www.wis-immo.com\/wp-content\/uploads\/2023\/09\/cropped-cropped-logo-wis-or-fond-noir-1.jpg","width":500,"height":500,"caption":"Wis Immobilier"},"image":{"@id":"https:\/\/www.wis-immo.com\/fr\/#\/schema\/logo\/image\/"}}]}},"_links":{"self":[{"href":"https:\/\/www.wis-immo.com\/fr\/wp-json\/wp\/v2\/pages\/9697"}],"collection":[{"href":"https:\/\/www.wis-immo.com\/fr\/wp-json\/wp\/v2\/pages"}],"about":[{"href":"https:\/\/www.wis-immo.com\/fr\/wp-json\/wp\/v2\/types\/page"}],"author":[{"embeddable":true,"href":"https:\/\/www.wis-immo.com\/fr\/wp-json\/wp\/v2\/users\/1"}],"replies":[{"embeddable":true,"href":"https:\/\/www.wis-immo.com\/fr\/wp-json\/wp\/v2\/comments?post=9697"}],"version-history":[{"count":0,"href":"https:\/\/www.wis-immo.com\/fr\/wp-json\/wp\/v2\/pages\/9697\/revisions"}],"wp:attachment":[{"href":"https:\/\/www.wis-immo.com\/fr\/wp-json\/wp\/v2\/media?parent=9697"}],"curies":[{"name":"wp","href":"https:\/\/api.w.org\/{rel}","templated":true}]}}